{"id":352,"date":"2013-11-15T16:47:25","date_gmt":"2013-11-15T15:47:25","guid":{"rendered":"http:\/\/jengospa.com\/cms\/?page_id=352"},"modified":"2013-11-15T16:48:41","modified_gmt":"2013-11-15T15:48:41","slug":"es-empresa","status":"publish","type":"page","link":"https:\/\/jengospa.com\/cms\/es-empresa\/","title":{"rendered":"ES &#8211; Empresa"},"content":{"rendered":"<p><img loading=\"lazy\" decoding=\"async\" alt=\"jengo prodotti chimici productos quimicos chemical products italia\" src=\"http:\/\/jengospa.com\/htm\/img\/x_logo_top.png\" width=\"582\" height=\"107\" \/><\/p>\n<h4><strong>prodotti chimici productos quimicos chemical products<\/strong><\/h4>\n<section>\n<section>La <strong>JENGO S.p.A.<\/strong> opera como distribuidor de productos qu\u00edmicos para la &#8220;industria de la Pirotecnia desde antes de 1884.<br \/>\nSu fundador, <strong>Vincenzo Jengo<\/strong>, se dedic\u00f3 al suministro de las materias primas qu\u00edmicas para el entonces ya famosa industria Campana de fuegos artificiales.De acuerdo con la evidencia fotogr\u00e1fica, y tambi\u00e9n como consecuencia de los testimonios de los descendientes del fundador, se determina que uno de los primeros sitios de la <strong>Jengo<\/strong> se encuentra en N\u00e1poles, Porta Capuana, apenas en 1884 (foto adjunta).<\/p>\n<p>Con los a\u00f1os la Jengo cambi\u00f3 su nombre para convertirse en una sociedad an\u00f3nima en 2005.<\/p>\n<\/section>\n<\/section>\n<section><img loading=\"lazy\" decoding=\"async\" alt=\"\" src=\"http:\/\/jengospa.com\/htm\/img\/img_00.jpg\" width=\"800\" height=\"622\" \/>&nbsp;<\/p>\n<p>Esa longevidad en el comercio ha ayudado a consolidar la actual posici\u00f3n de liderazgo Europea de la Jengo Spa d\u00e1ndole una s\u00f3lida reputaci\u00f3n con sus clientes y proveedores.<\/p>\n<div>\n<footer><strong>2013 Jengo S.p.A.<\/strong><br \/>\nVia del Cassano, 154 &#8211; 80144 \u2013 Napoli \u2013 Italia<br \/>\nTel + 39 0817382831 \/ Fax + 39 0817382859<br \/>\nN. IVA 07037920639<\/footer>\n<\/div>\n<\/section>\n","protected":false},"excerpt":{"rendered":"<p>prodotti chimici productos quimicos chemical products La JENGO S.p.A. opera como distribuidor de productos qu\u00edmicos para la &#8220;industria de la Pirotecnia desde antes de 1884. Su fundador, Vincenzo Jengo, se dedic\u00f3 al suministro de las materias primas qu\u00edmicas para el entonces ya famosa industria Campana de fuegos artificiales.De acuerdo con la evidencia fotogr\u00e1fica, y tambi\u00e9n [&hellip;]<\/p>\n","protected":false},"author":1,"featured_media":0,"parent":0,"menu_order":0,"comment_status":"closed","ping_status":"closed","template":"","meta":{"footnotes":""},"class_list":["post-352","page","type-page","status-publish","hentry"],"_links":{"self":[{"href":"https:\/\/jengospa.com\/cms\/wp-json\/wp\/v2\/pages\/352","targetHints":{"allow":["GET"]}}],"collection":[{"href":"https:\/\/jengospa.com\/cms\/wp-json\/wp\/v2\/pages"}],"about":[{"href":"https:\/\/jengospa.com\/cms\/wp-json\/wp\/v2\/types\/page"}],"author":[{"embeddable":true,"href":"https:\/\/jengospa.com\/cms\/wp-json\/wp\/v2\/users\/1"}],"replies":[{"embeddable":true,"href":"https:\/\/jengospa.com\/cms\/wp-json\/wp\/v2\/comments?post=352"}],"version-history":[{"count":2,"href":"https:\/\/jengospa.com\/cms\/wp-json\/wp\/v2\/pages\/352\/revisions"}],"predecessor-version":[{"id":356,"href":"https:\/\/jengospa.com\/cms\/wp-json\/wp\/v2\/pages\/352\/revisions\/356"}],"wp:attachment":[{"href":"https:\/\/jengospa.com\/cms\/wp-json\/wp\/v2\/media?parent=352"}],"curies":[{"name":"wp","href":"https:\/\/api.w.org\/{rel}","templated":true}]}}